{"id":6,"date":"2024-12-04T17:55:50","date_gmt":"2024-12-04T17:55:50","guid":{"rendered":"http:\/\/2025.gasthaus-gutmann.de\/?page_id=6"},"modified":"2025-02-09T08:28:46","modified_gmt":"2025-02-09T08:28:46","slug":"willkommen","status":"publish","type":"page","link":"https:\/\/www.gasthaus-gutmann.de\/","title":{"rendered":"Willkommen"},"content":{"rendered":"\n<h2 class=\"wp-block-heading has-text-align-center has-large-font-size\">Herzlich Willkommen im Gasthof Gutmann!<br>Erleben Sie bayerische Gastlichkeit im Wittelsbacher Land<\/h2>\n\n\n\n<p class=\"has-text-align-center\">&nbsp;<\/p>\n\n\n\n<p class=\"has-text-align-center has-medium-font-size\">Unser Gasthaus gilt seit \u00fcber 50 Jahren in der Region als ein \u201etraditionelles Gasthaus mit gutb\u00fcrgerlicher K\u00fcche\u201c. Dieser Tradition bleiben wir auch nach der Modernisierung unserer R\u00e4ume treu und verw\u00f6hnen Sie mit frischen, hochwertigen Zutaten, die unsere Speisen zu einem richtigen Genuss werden lassen. Wir nehmen uns f\u00fcr die Zubereitung noch die n\u00f6tige Zeit und das werden Sie schmecken!<\/p>\n\n\n\n<p class=\"has-text-align-center has-medium-font-size\">&nbsp;<\/p>\n\n\n\n<div style=\"height:62px\" aria-hidden=\"true\" class=\"wp-block-spacer\"><\/div>\n\n\n\n<div class=\"wp-block-columns is-layout-flex wp-container-core-columns-is-layout-9d6595d7 wp-block-columns-is-layout-flex\">\n<div class=\"wp-block-column is-layout-flow wp-block-column-is-layout-flow\" style=\"flex-basis:45%\"><div class=\"wp-block-image\">\n<figure class=\"alignright size-full\"><img loading=\"lazy\" decoding=\"async\" width=\"570\" height=\"363\" src=\"http:\/\/2025.gasthaus-gutmann.de\/wp-content\/uploads\/2025\/01\/tisch-deko-oeffnungszeiten.jpg\" alt=\"\" class=\"wp-image-168\" style=\"aspect-ratio:1;object-fit:cover\"\/><\/figure>\n<\/div><\/div>\n\n\n\n<div class=\"wp-block-column is-layout-flow wp-block-column-is-layout-flow\" style=\"flex-basis:40%\">\n<h2 class=\"wp-block-heading has-large-font-size\">Unsere \u00d6ffnungszeiten:<\/h2>\n\n\n\n<p class=\"has-medium-font-size\">Montag: 10:30 \u2013 14:00 Uhr<br>Dienstag: geschlossen<br>Mittwoch: geschlossen<br>Donnerstag: 10:30 \u2013 14:00 Uhr<br>Freitag: 10:30 \u2013 14:00 Uhr u. 17:00 \u2013 22:00 Uhr<br>Samstag: 10:30 \u2013 14:00 Uhr<br>Sonntag: 10:30 \u2013 14:00 Uhr u. 17:00 \u2013 22:00 Uhr<\/p>\n\n\n\n<p class=\"has-text-color has-link-color has-medium-font-size wp-elements-8c5154f3d82a020594a879d3995e4c31\" style=\"color:#6d9c39\"><strong>W\u00f6chentlich wechselnder Mittagstisch!<\/strong><\/p>\n\n\n\n<p class=\"has-medium-font-size\">Gerne \u00f6ffnen wir f\u00fcr Gesellschaften ab 30 Personen auch au\u00dferhalb unserer \u00d6ffnungszeiten. Rufen Sie uns an!<\/p>\n<\/div>\n<\/div>\n","protected":false},"excerpt":{"rendered":"<p>Herzlich Willkommen im Gasthof Gutmann!Erleben Sie bayerische Gastlichkeit im Wittelsbacher Land &nbsp; Unser Gasthaus gilt seit \u00fcber 50 Jahren in der Region als ein \u201etraditionelles Gasthaus mit gutb\u00fcrgerlicher K\u00fcche\u201c. Dieser Tradition bleiben wir auch nach der Modernisierung unserer R\u00e4ume treu und verw\u00f6hnen Sie mit frischen, hochwertigen Zutaten, die unsere Speisen zu einem richtigen Genuss werden &hellip; <\/p>\n<p class=\"link-more\"><a href=\"https:\/\/www.gasthaus-gutmann.de\/\" class=\"more-link\"><span class=\"screen-reader-text\">\u201eWillkommen\u201c <\/span>weiterlesen<\/a><\/p>\n","protected":false},"author":1,"featured_media":0,"parent":0,"menu_order":0,"comment_status":"closed","ping_status":"closed","template":"","meta":{"_acf_changed":false,"footnotes":""},"class_list":["post-6","page","type-page","status-publish","hentry"],"acf":[],"_links":{"self":[{"href":"https:\/\/www.gasthaus-gutmann.de\/index.php?rest_route=\/wp\/v2\/pages\/6","targetHints":{"allow":["GET"]}}],"collection":[{"href":"https:\/\/www.gasthaus-gutmann.de\/index.php?rest_route=\/wp\/v2\/pages"}],"about":[{"href":"https:\/\/www.gasthaus-gutmann.de\/index.php?rest_route=\/wp\/v2\/types\/page"}],"author":[{"embeddable":true,"href":"https:\/\/www.gasthaus-gutmann.de\/index.php?rest_route=\/wp\/v2\/users\/1"}],"replies":[{"embeddable":true,"href":"https:\/\/www.gasthaus-gutmann.de\/index.php?rest_route=%2Fwp%2Fv2%2Fcomments&post=6"}],"version-history":[{"count":35,"href":"https:\/\/www.gasthaus-gutmann.de\/index.php?rest_route=\/wp\/v2\/pages\/6\/revisions"}],"predecessor-version":[{"id":258,"href":"https:\/\/www.gasthaus-gutmann.de\/index.php?rest_route=\/wp\/v2\/pages\/6\/revisions\/258"}],"wp:attachment":[{"href":"https:\/\/www.gasthaus-gutmann.de\/index.php?rest_route=%2Fwp%2Fv2%2Fmedia&parent=6"}],"curies":[{"name":"wp","href":"https:\/\/api.w.org\/{rel}","templated":true}]}}